{"id":588,"date":"2024-11-15T12:28:18","date_gmt":"2024-11-15T12:28:18","guid":{"rendered":"https:\/\/feedcaretecnologia.com\/sobre-nos\/"},"modified":"2025-10-20T09:57:26","modified_gmt":"2025-10-20T09:57:26","slug":"sobre-nos","status":"publish","type":"page","link":"https:\/\/feedcaretecnologia.com\/pt-br\/sobre-nos\/","title":{"rendered":"Sobre n\u00f3s"},"content":{"rendered":"\t\t<div data-elementor-type=\"wp-page\" data-elementor-id=\"588\" class=\"elementor elementor-588 elementor-139\" data-elementor-post-type=\"page\">\n\t\t\t\t<div class=\"elementor-element elementor-element-afd3f09 e-flex e-con-boxed e-con e-parent\" data-id=\"afd3f09\" data-element_type=\"container\" data-e-type=\"container\" data-settings=\"{&quot;background_background&quot;:&quot;classic&quot;}\">\n\t\t\t\t\t<div class=\"e-con-inner\">\n\t\t\t\t<div class=\"elementor-element elementor-element-fd8cacc elementor-widget elementor-widget-heading\" data-id=\"fd8cacc\" data-element_type=\"widget\" data-e-type=\"widget\" data-widget_type=\"heading.default\">\n\t\t\t\t<div class=\"elementor-widget-container\">\n\t\t\t\t\t<h1 class=\"elementor-heading-title elementor-size-default\">Sobre n\u00f3s <\/h1>\t\t\t\t<\/div>\n\t\t\t\t<\/div>\n\t\t\t\t\t<\/div>\n\t\t\t\t<\/div>\n\t\t<div class=\"elementor-element elementor-element-73a522b5 e-flex e-con-boxed elementor-invisible e-con e-parent\" data-id=\"73a522b5\" data-element_type=\"container\" data-e-type=\"container\" data-settings=\"{&quot;animation&quot;:&quot;fadeIn&quot;,&quot;animation_delay&quot;:500}\">\n\t\t\t\t\t<div class=\"e-con-inner\">\n\t\t<div class=\"elementor-element elementor-element-515685ca e-con-full e-flex e-con e-child\" data-id=\"515685ca\" data-element_type=\"container\" data-e-type=\"container\">\n\t\t\t\t<div class=\"elementor-element elementor-element-68a3de40 elementor-widget__width-initial elementor-widget elementor-widget-heading\" data-id=\"68a3de40\" data-element_type=\"widget\" data-e-type=\"widget\" data-widget_type=\"heading.default\">\n\t\t\t\t<div class=\"elementor-widget-container\">\n\t\t\t\t\t<h1 class=\"elementor-heading-title elementor-size-default\">Mais de 35 anos de experi\u00eancia <\/h1>\t\t\t\t<\/div>\n\t\t\t\t<\/div>\n\t\t\t\t<div class=\"elementor-element elementor-element-a4e46fd elementor-widget elementor-widget-text-editor\" data-id=\"a4e46fd\" data-element_type=\"widget\" data-e-type=\"widget\" data-widget_type=\"text-editor.default\">\n\t\t\t\t<div class=\"elementor-widget-container\">\n\t\t\t\t\t\t\t\t\t<p>A Feed&amp;Care Tecnologia foi fundada por Bernard Devresse e Rocio Zamora e \u00e9 a primeira empresa no Brasil especializada na produ\u00e7\u00e3o de ra\u00e7\u00f5es e suplementos destinados a larvicultura de peixes e camar\u00f5es. Oferecemos uma alternativa nacional de alta qualidade aos produtos importados Com mais de 35 anos de experi\u00eancia em nutri\u00e7\u00e3o larval, nossos fundadores trazem inova\u00e7\u00e3o e conhecimento internacional para impulsionar a aquicultura brasileira.<\/p>\t\t\t\t\t\t\t\t<\/div>\n\t\t\t\t<\/div>\n\t\t\t\t<\/div>\n\t\t<div class=\"elementor-element elementor-element-52befac7 e-con-full e-flex e-con e-child\" data-id=\"52befac7\" data-element_type=\"container\" data-e-type=\"container\">\n\t\t\t\t<div class=\"elementor-element elementor-element-4b912ba4 elementor-widget elementor-widget-image\" data-id=\"4b912ba4\" data-element_type=\"widget\" data-e-type=\"widget\" data-settings=\"{&quot;motion_fx_motion_fx_scrolling&quot;:&quot;yes&quot;,&quot;motion_fx_translateX_effect&quot;:&quot;yes&quot;,&quot;motion_fx_translateX_speed&quot;:{&quot;unit&quot;:&quot;px&quot;,&quot;size&quot;:7.6,&quot;sizes&quot;:[]},&quot;motion_fx_translateX_affectedRange&quot;:{&quot;unit&quot;:&quot;%&quot;,&quot;size&quot;:&quot;&quot;,&quot;sizes&quot;:{&quot;start&quot;:0,&quot;end&quot;:50}},&quot;motion_fx_devices&quot;:[&quot;desktop&quot;,&quot;tablet&quot;,&quot;mobile&quot;]}\" data-widget_type=\"image.default\">\n\t\t\t\t<div class=\"elementor-widget-container\">\n\t\t\t\t\t\t\t\t\t\t\t\t\t\t\t<img fetchpriority=\"high\" decoding=\"async\" width=\"800\" height=\"800\" src=\"https:\/\/feedcaretecnologia.com\/wp-content\/uploads\/2025\/09\/Feed-and-care-hand-shrimps-1024x1024.jpg\" class=\"attachment-large size-large wp-image-587\" alt=\"\" srcset=\"https:\/\/feedcaretecnologia.com\/wp-content\/uploads\/2025\/09\/Feed-and-care-hand-shrimps-1024x1024.jpg 1024w, https:\/\/feedcaretecnologia.com\/wp-content\/uploads\/2025\/09\/Feed-and-care-hand-shrimps-300x300.jpg 300w, https:\/\/feedcaretecnologia.com\/wp-content\/uploads\/2025\/09\/Feed-and-care-hand-shrimps-150x150.jpg 150w, https:\/\/feedcaretecnologia.com\/wp-content\/uploads\/2025\/09\/Feed-and-care-hand-shrimps-768x768.jpg 768w, https:\/\/feedcaretecnologia.com\/wp-content\/uploads\/2025\/09\/Feed-and-care-hand-shrimps.jpg 1200w\" sizes=\"(max-width: 800px) 100vw, 800px\" \/>\t\t\t\t\t\t\t\t\t\t\t\t\t\t\t<\/div>\n\t\t\t\t<\/div>\n\t\t\t\t<\/div>\n\t\t\t\t\t<\/div>\n\t\t\t\t<\/div>\n\t\t<div class=\"elementor-element elementor-element-ba09c09 e-flex e-con-boxed e-con e-parent\" data-id=\"ba09c09\" data-element_type=\"container\" data-e-type=\"container\">\n\t\t\t\t\t<div class=\"e-con-inner\">\n\t\t<div class=\"elementor-element elementor-element-03e78df e-con-full e-flex e-con e-child\" data-id=\"03e78df\" data-element_type=\"container\" data-e-type=\"container\">\n\t\t\t\t<\/div>\n\t\t<div class=\"elementor-element elementor-element-00881e7 e-con-full e-flex e-con e-child\" data-id=\"00881e7\" data-element_type=\"container\" data-e-type=\"container\">\n\t\t\t\t<div class=\"elementor-element elementor-element-c14ae79 elementor-widget__width-initial elementor-invisible elementor-widget elementor-widget-heading\" data-id=\"c14ae79\" data-element_type=\"widget\" data-e-type=\"widget\" data-settings=\"{&quot;_animation&quot;:&quot;fadeInRight&quot;}\" data-widget_type=\"heading.default\">\n\t\t\t\t<div class=\"elementor-widget-container\">\n\t\t\t\t\t<h1 class=\"elementor-heading-title elementor-size-default\">Miss\u00e3o, Vis\u00e3o e Valores<\/h1>\t\t\t\t<\/div>\n\t\t\t\t<\/div>\n\t\t\t\t<div class=\"elementor-element elementor-element-03202c7 elementor-invisible elementor-widget elementor-widget-text-editor\" data-id=\"03202c7\" data-element_type=\"widget\" data-e-type=\"widget\" data-settings=\"{&quot;_animation&quot;:&quot;fadeInRight&quot;}\" data-widget_type=\"text-editor.default\">\n\t\t\t\t<div class=\"elementor-widget-container\">\n\t\t\t\t\t\t\t\t\t<ul><li>Miss\u00e3o: Construir uma empresa \u00fanica de inova\u00e7\u00e3o, produ\u00e7\u00e3o e comercializa\u00e7\u00e3o de ra\u00e7\u00f5es para larvicultura e suplementos t\u00e9cnicos de alto valor agregado para a aquicultura brasileira, com base na melhor expertise internacional em formula\u00e7\u00e3o e processamento de ra\u00e7\u00f5es.<\/li><li>Vis\u00e3o: Manter a lideran\u00e7a no setor por meio da compreens\u00e3o profunda das necessidades dos produtores de peixes e camar\u00f5es, com intera\u00e7\u00f5es di\u00e1rias que se traduzem em evolu\u00e7\u00e3o cont\u00ednua dos nossos produtos.<\/li><li>Valor: Aliamos o melhor conhecimento t\u00e9cnico internacional a uma equipe motivada, focada na excel\u00eancia.<\/li><li>Estrat\u00e9gia Central: Humildade e aprendizado cont\u00ednuo. Respeito e entendimento das necessidades dos nossos clientes. Inova\u00e7\u00e3o cont\u00ednua. Respeito e compreens\u00e3o das necessidades dos nossos clientes. Inova\u00e7\u00e3o cont\u00ednua.<\/li><\/ul>\t\t\t\t\t\t\t\t<\/div>\n\t\t\t\t<\/div>\n\t\t\t\t<\/div>\n\t\t\t\t\t<\/div>\n\t\t\t\t<\/div>\n\t\t\t\t<\/div>\n\t\t","protected":false},"excerpt":{"rendered":"<p>Sobre n\u00f3s Mais de 35 anos de experi\u00eancia A Feed&amp;Care Tecnologia foi fundada por Bernard Devresse e Rocio Zamora e \u00e9 a primeira empresa no Brasil especializada na produ\u00e7\u00e3o de ra\u00e7\u00f5es e suplementos destinados a larvicultura de peixes e camar\u00f5es. Oferecemos uma alternativa nacional de alta qualidade aos produtos importados Com mais de 35 anos [&hellip;]<\/p>\n","protected":false},"author":1,"featured_media":0,"parent":0,"menu_order":0,"comment_status":"closed","ping_status":"closed","template":"","meta":{"footnotes":""},"class_list":["post-588","page","type-page","status-publish","hentry"],"_links":{"self":[{"href":"https:\/\/feedcaretecnologia.com\/pt-br\/wp-json\/wp\/v2\/pages\/588","targetHints":{"allow":["GET"]}}],"collection":[{"href":"https:\/\/feedcaretecnologia.com\/pt-br\/wp-json\/wp\/v2\/pages"}],"about":[{"href":"https:\/\/feedcaretecnologia.com\/pt-br\/wp-json\/wp\/v2\/types\/page"}],"author":[{"embeddable":true,"href":"https:\/\/feedcaretecnologia.com\/pt-br\/wp-json\/wp\/v2\/users\/1"}],"replies":[{"embeddable":true,"href":"https:\/\/feedcaretecnologia.com\/pt-br\/wp-json\/wp\/v2\/comments?post=588"}],"version-history":[{"count":1,"href":"https:\/\/feedcaretecnologia.com\/pt-br\/wp-json\/wp\/v2\/pages\/588\/revisions"}],"predecessor-version":[{"id":589,"href":"https:\/\/feedcaretecnologia.com\/pt-br\/wp-json\/wp\/v2\/pages\/588\/revisions\/589"}],"wp:attachment":[{"href":"https:\/\/feedcaretecnologia.com\/pt-br\/wp-json\/wp\/v2\/media?parent=588"}],"curies":[{"name":"wp","href":"https:\/\/api.w.org\/{rel}","templated":true}]}}